{"id":146,"date":"2021-12-30T10:37:02","date_gmt":"2021-12-30T10:37:02","guid":{"rendered":"https:\/\/gerichtsmuseum.com\/?page_id=146"},"modified":"2024-02-05T22:23:57","modified_gmt":"2024-02-05T22:23:57","slug":"arbeitswelt-der-justiz","status":"publish","type":"page","link":"https:\/\/gerichtsmuseum.com\/?page_id=146","title":{"rendered":"Arbeitswelt der Justiz"},"content":{"rendered":"\n<p class=\"has-medium-font-size\">T\u00e4tigkeitsbereiche bei Gericht spiegeln in ihren Darstellungen das ausgehende 19. und die erste H\u00e4lfte des 20. Jahrhunderts wider.<\/p>\n\n\n\n<figure class=\"wp-block-image size-large is-style-default\"><a href=\"https:\/\/gerichtsmuseum.com\/wp-content\/uploads\/2024\/02\/amtsstube_2023-edited.jpg\"><img loading=\"lazy\" decoding=\"async\" width=\"1135\" height=\"874\" src=\"https:\/\/gerichtsmuseum.com\/wp-content\/uploads\/2024\/02\/amtsstube_2023-edited.jpg\" alt=\"\" class=\"wp-image-956\" srcset=\"https:\/\/gerichtsmuseum.com\/wp-content\/uploads\/2024\/02\/amtsstube_2023-edited.jpg 1135w, https:\/\/gerichtsmuseum.com\/wp-content\/uploads\/2024\/02\/amtsstube_2023-edited-300x231.jpg 300w, https:\/\/gerichtsmuseum.com\/wp-content\/uploads\/2024\/02\/amtsstube_2023-edited-1024x789.jpg 1024w, https:\/\/gerichtsmuseum.com\/wp-content\/uploads\/2024\/02\/amtsstube_2023-edited-768x591.jpg 768w\" sizes=\"auto, (max-width: 1135px) 100vw, 1135px\" \/><\/a><figcaption class=\"wp-element-caption\">Preu\u00dfische Amtsstube eines Richters<\/figcaption><\/figure>\n\n\n\n<p><\/p>\n\n\n\n<p class=\"has-medium-font-size\">Blick in die Gerichtsschreiberei<\/p>\n\n\n\n<figure class=\"wp-block-image size-large is-style-default\"><a href=\"https:\/\/gerichtsmuseum.com\/wp-content\/uploads\/2024\/02\/gerichtsschreiberei_2024.jpg\"><img loading=\"lazy\" decoding=\"async\" width=\"1024\" height=\"946\" src=\"https:\/\/gerichtsmuseum.com\/wp-content\/uploads\/2024\/02\/gerichtsschreiberei_2024-1024x946.jpg\" alt=\"\" class=\"wp-image-1021\" srcset=\"https:\/\/gerichtsmuseum.com\/wp-content\/uploads\/2024\/02\/gerichtsschreiberei_2024-1024x946.jpg 1024w, https:\/\/gerichtsmuseum.com\/wp-content\/uploads\/2024\/02\/gerichtsschreiberei_2024-300x277.jpg 300w, https:\/\/gerichtsmuseum.com\/wp-content\/uploads\/2024\/02\/gerichtsschreiberei_2024-768x710.jpg 768w, https:\/\/gerichtsmuseum.com\/wp-content\/uploads\/2024\/02\/gerichtsschreiberei_2024-270x250.jpg 270w, https:\/\/gerichtsmuseum.com\/wp-content\/uploads\/2024\/02\/gerichtsschreiberei_2024.jpg 1400w\" sizes=\"auto, (max-width: 1024px) 100vw, 1024px\" \/><\/a><figcaption class=\"wp-element-caption\">Gerichtsschreiberei<\/figcaption><\/figure>\n\n\n\n<p class=\"has-medium-font-size\">Blick \u00fcber das Grundbuchamt<\/p>\n\n\n\n<figure class=\"wp-block-image size-large\"><a href=\"https:\/\/gerichtsmuseum.com\/wp-content\/uploads\/2024\/02\/grundbuchamt_2024.jpg\"><img loading=\"lazy\" decoding=\"async\" width=\"1024\" height=\"886\" src=\"https:\/\/gerichtsmuseum.com\/wp-content\/uploads\/2024\/02\/grundbuchamt_2024-1024x886.jpg\" alt=\"\" class=\"wp-image-1023\" srcset=\"https:\/\/gerichtsmuseum.com\/wp-content\/uploads\/2024\/02\/grundbuchamt_2024-1024x886.jpg 1024w, https:\/\/gerichtsmuseum.com\/wp-content\/uploads\/2024\/02\/grundbuchamt_2024-300x260.jpg 300w, https:\/\/gerichtsmuseum.com\/wp-content\/uploads\/2024\/02\/grundbuchamt_2024-768x664.jpg 768w, https:\/\/gerichtsmuseum.com\/wp-content\/uploads\/2024\/02\/grundbuchamt_2024.jpg 1400w\" sizes=\"auto, (max-width: 1024px) 100vw, 1024px\" \/><\/a><figcaption class=\"wp-element-caption\">Grundbuchgesch\u00e4ftsstelle und -Kanzlei<\/figcaption><\/figure>\n\n\n\n<p class=\"has-medium-font-size\">Detailaufnahmen Grundbucheintragung<\/p>\n\n\n\n<figure class=\"wp-block-image size-large is-style-default\"><a href=\"https:\/\/gerichtsmuseum.com\/wp-content\/uploads\/2024\/02\/Grundbucheintragungsmaschine_2024.jpg\"><img loading=\"lazy\" decoding=\"async\" width=\"1024\" height=\"768\" src=\"https:\/\/gerichtsmuseum.com\/wp-content\/uploads\/2024\/02\/Grundbucheintragungsmaschine_2024-1024x768.jpg\" alt=\"\" class=\"wp-image-1026\" srcset=\"https:\/\/gerichtsmuseum.com\/wp-content\/uploads\/2024\/02\/Grundbucheintragungsmaschine_2024-1024x768.jpg 1024w, https:\/\/gerichtsmuseum.com\/wp-content\/uploads\/2024\/02\/Grundbucheintragungsmaschine_2024-300x225.jpg 300w, https:\/\/gerichtsmuseum.com\/wp-content\/uploads\/2024\/02\/Grundbucheintragungsmaschine_2024-768x576.jpg 768w, https:\/\/gerichtsmuseum.com\/wp-content\/uploads\/2024\/02\/Grundbucheintragungsmaschine_2024.jpg 1400w\" sizes=\"auto, (max-width: 1024px) 100vw, 1024px\" \/><\/a><figcaption class=\"wp-element-caption\">Grundbucheintragungsmaschine<\/figcaption><\/figure>\n\n\n\n<p><\/p>\n\n\n\n<p class=\"has-medium-font-size\">Poststelle in der Justizwachtmeisterei<\/p>\n\n\n\n<figure class=\"wp-block-image size-large is-style-default\"><a href=\"https:\/\/gerichtsmuseum.com\/wp-content\/uploads\/2024\/02\/poststelle_2024.jpg\"><img loading=\"lazy\" decoding=\"async\" width=\"1010\" height=\"1024\" src=\"https:\/\/gerichtsmuseum.com\/wp-content\/uploads\/2024\/02\/poststelle_2024-1010x1024.jpg\" alt=\"\" class=\"wp-image-1025\" srcset=\"https:\/\/gerichtsmuseum.com\/wp-content\/uploads\/2024\/02\/poststelle_2024-1010x1024.jpg 1010w, https:\/\/gerichtsmuseum.com\/wp-content\/uploads\/2024\/02\/poststelle_2024-296x300.jpg 296w, https:\/\/gerichtsmuseum.com\/wp-content\/uploads\/2024\/02\/poststelle_2024-768x779.jpg 768w, https:\/\/gerichtsmuseum.com\/wp-content\/uploads\/2024\/02\/poststelle_2024.jpg 1400w\" sizes=\"auto, (max-width: 1010px) 100vw, 1010px\" \/><\/a><figcaption class=\"wp-element-caption\">Schreibtisch in der Justizwachtmeisterei<\/figcaption><\/figure>\n\n\n\n<p><\/p>\n","protected":false},"excerpt":{"rendered":"<p>T\u00e4tigkeitsbereiche bei Gericht spiegeln in ihren Darstellungen das ausgehende 19. und die erste H\u00e4lfte des 20. Jahrhunderts wider. Blick in die Gerichtsschreiberei Blick \u00fcber das Grundbuchamt Detailaufnahmen Grundbucheintragung Poststelle in [&hellip;]<\/p>\n","protected":false},"author":1,"featured_media":0,"parent":47,"menu_order":2,"comment_status":"closed","ping_status":"closed","template":"","meta":{"footnotes":""},"class_list":["post-146","page","type-page","status-publish","czr-hentry"],"_links":{"self":[{"href":"https:\/\/gerichtsmuseum.com\/index.php?rest_route=\/wp\/v2\/pages\/146","targetHints":{"allow":["GET"]}}],"collection":[{"href":"https:\/\/gerichtsmuseum.com\/index.php?rest_route=\/wp\/v2\/pages"}],"about":[{"href":"https:\/\/gerichtsmuseum.com\/index.php?rest_route=\/wp\/v2\/types\/page"}],"author":[{"embeddable":true,"href":"https:\/\/gerichtsmuseum.com\/index.php?rest_route=\/wp\/v2\/users\/1"}],"replies":[{"embeddable":true,"href":"https:\/\/gerichtsmuseum.com\/index.php?rest_route=%2Fwp%2Fv2%2Fcomments&post=146"}],"version-history":[{"count":16,"href":"https:\/\/gerichtsmuseum.com\/index.php?rest_route=\/wp\/v2\/pages\/146\/revisions"}],"predecessor-version":[{"id":1046,"href":"https:\/\/gerichtsmuseum.com\/index.php?rest_route=\/wp\/v2\/pages\/146\/revisions\/1046"}],"up":[{"embeddable":true,"href":"https:\/\/gerichtsmuseum.com\/index.php?rest_route=\/wp\/v2\/pages\/47"}],"wp:attachment":[{"href":"https:\/\/gerichtsmuseum.com\/index.php?rest_route=%2Fwp%2Fv2%2Fmedia&parent=146"}],"curies":[{"name":"wp","href":"https:\/\/api.w.org\/{rel}","templated":true}]}}