{"id":49,"date":"2021-12-27T16:48:58","date_gmt":"2021-12-27T16:48:58","guid":{"rendered":"https:\/\/gerichtsmuseum.com\/?page_id=49"},"modified":"2026-03-22T18:40:38","modified_gmt":"2026-03-22T18:40:38","slug":"fuehrungen","status":"publish","type":"page","link":"https:\/\/gerichtsmuseum.com\/?page_id=49","title":{"rendered":"F\u00fchrungen"},"content":{"rendered":"\n<figure class=\"wp-block-image size-large is-style-default\"><img loading=\"lazy\" decoding=\"async\" width=\"1024\" height=\"333\" src=\"https:\/\/gerichtsmuseum.com\/wp-content\/uploads\/2022\/01\/fuehrungen1-1024x333.jpg\" alt=\"\" class=\"wp-image-221\" srcset=\"https:\/\/gerichtsmuseum.com\/wp-content\/uploads\/2022\/01\/fuehrungen1-1024x333.jpg 1024w, https:\/\/gerichtsmuseum.com\/wp-content\/uploads\/2022\/01\/fuehrungen1-300x97.jpg 300w, https:\/\/gerichtsmuseum.com\/wp-content\/uploads\/2022\/01\/fuehrungen1-768x250.jpg 768w, https:\/\/gerichtsmuseum.com\/wp-content\/uploads\/2022\/01\/fuehrungen1.jpg 1077w\" sizes=\"auto, (max-width: 1024px) 100vw, 1024px\" \/><\/figure>\n\n\n\n<p class=\"has-medium-font-size\">Mit der F\u00fchrung durch das ca. 320 qm gro\u00dfe Gerichtsmuseum erleben Sie eine spannende Reise&nbsp;durch die Gerichtsbarkeiten der vergangenen Jahrhunderte. Dieses in Deutschland einzigartige Museum zeigt Requisiten aus der Justizgeschichte.<br><br>Historische Gerichtsst\u00e4tten, eine Gef\u00e4ngniszelle mit originalem Inventar, ehemaliges B\u00fcroinventar aus Amtsgerichten sowie eine historische Gerichtsbibliothek zeigen die Welt der Justiz von fr\u00fcher.<br><br>Dar\u00fcber hinaus beleuchtet der Bereich \u201eSonderf\u00e4lle der Justizgeschichte\u201c die Epochen der Hexenverfolgung im Herzogtum Westfalen und der Justiz im Nationalsozialismus.<\/p>\n\n\n\n<div style=\"height:20px\" aria-hidden=\"true\" class=\"wp-block-spacer\"><\/div>\n\n\n\n<h2 class=\"wp-block-heading\" style=\"font-size:22px\"><strong>F\u00fchrungszeiten 2026: <\/strong><\/h2>\n\n\n\n<p class=\"has-medium-font-size\">Regelm\u00e4\u00dfig alle 14 Tage freitags, <strong>nur auf Anmeldung<\/strong>. <br>Treffpunkt immer um 15 Uhr vor dem Amtsgerichtsgeb\u00e4ude &#8220;Im Ohle 6&#8221;, Bad Fredeburg.<\/p>\n\n\n\n<p>27.03.2026 \/ 31.03.2026 \/ 10.04. \/ 24.04. &#8230; weiter alle 14 Tage<\/p>\n\n\n\n<p class=\"has-vivid-red-color has-text-color has-link-color has-medium-font-size wp-elements-54cd642cddb65b218d66c596eb9db166\">Zus\u00e4tzliche Gruppenf\u00fchrungen (ab vier Personen) k\u00f6nnen auf Nachfrage vereinbart werden.<br><br>Sie finden werktags<br>montags,<br>dienstags,<br><strong>mittwochs keine F\u00fchrung,<\/strong><br>sowie donnerstags ab 16 Uhr statt.<br><br>An Wochenenden, Sa.\/So. k\u00f6nnen F\u00fchrungen auch vormittags angeboten werden.<\/p>\n\n\n\n<p class=\"has-vivid-red-color has-text-color has-medium-font-size\"><\/p>\n\n\n\n<p class=\"has-vivid-red-color has-cyan-bluish-gray-background-color has-text-color has-background has-medium-font-size\"><strong><a href=\"https:\/\/gerichtsmuseum.com\/?page_id=51\">Anmeldung bitte mit Kontaktformular&#8230;<\/a><\/strong><\/p>\n\n\n\n<p><\/p>\n\n\n\n<p class=\"has-vivid-red-color has-cyan-bluish-gray-background-color has-text-color has-background\" style=\"font-size:18px\"><strong>oder E-Mail:<\/strong> <a href=\"mailto:verein@gerichtsmuseum.de\" target=\"_blank\" rel=\"noreferrer noopener\">verein@gerichtsmuseum.de<\/a><\/p>\n\n\n\n<p class=\"has-black-color has-text-color has-link-color wp-elements-45dc25b6d815068a3cd163c5cd058285\" style=\"font-size:18px\"><strong>oder telefonisch:<\/strong> 02974-900 222 (Josef Raulf) oder 02974-7005 (Dagmar Str\u00e4ter-M\u00fcller)<\/p>\n\n\n\n<p><\/p>\n\n\n\n<p class=\"has-medium-font-size\">Die R\u00e4ume des Gerichtsmuseums befinden sich&nbsp;im Dachgeschoss des Amtsgerichtsgeb\u00e4udes und k\u00f6nnen nur \u00fcber eine Treppe erreicht werden. Treffpunkt ist immer vor dem Geb\u00e4ude &#8220;Im Ohle 6, Bad Fredeburg&#8221;.<\/p>\n\n\n\n<p><\/p>\n\n\n\n<hr class=\"wp-block-separator has-alpha-channel-opacity is-style-wide\"\/>\n\n\n\n<p class=\"has-medium-font-size\"><strong>Weitere Hinweise:<\/strong><\/p>\n\n\n\n<p class=\"has-medium-font-size\">Die&nbsp;F\u00fchrung ist auf 13 Personen beschr\u00e4nkt und kostenlos. Bei gr\u00f6\u00dferen Gruppen sind auch zwei F\u00fchrungen zeitversetzt m\u00f6glich. <br><br>Der Verein finanziert sich aus Mitgliederbeitr\u00e4gen und Spenden, die gerne nach der F\u00fchrung angenommen werden. Bitte&nbsp;melden Sie sich zum Besuch an und haben Sie Verst\u00e4ndnis daf\u00fcr, dass Hunde nicht erlaubt sind.<\/p>\n\n\n\n<p style=\"font-size:18px\"><\/p>\n\n\n\n<hr class=\"wp-block-separator has-alpha-channel-opacity\"\/>\n\n\n\n<p class=\"has-white-background-color has-background\" style=\"font-size:16px\"><\/p>\n","protected":false},"excerpt":{"rendered":"<p>Mit der F\u00fchrung durch das ca. 320 qm gro\u00dfe Gerichtsmuseum erleben Sie eine spannende Reise&nbsp;durch die Gerichtsbarkeiten der vergangenen Jahrhunderte. Dieses in Deutschland einzigartige Museum zeigt Requisiten aus der Justizgeschichte. [&hellip;]<\/p>\n","protected":false},"author":1,"featured_media":282,"parent":0,"menu_order":0,"comment_status":"closed","ping_status":"closed","template":"","meta":{"footnotes":""},"class_list":["post-49","page","type-page","status-publish","has-post-thumbnail","czr-hentry"],"_links":{"self":[{"href":"https:\/\/gerichtsmuseum.com\/index.php?rest_route=\/wp\/v2\/pages\/49","targetHints":{"allow":["GET"]}}],"collection":[{"href":"https:\/\/gerichtsmuseum.com\/index.php?rest_route=\/wp\/v2\/pages"}],"about":[{"href":"https:\/\/gerichtsmuseum.com\/index.php?rest_route=\/wp\/v2\/types\/page"}],"author":[{"embeddable":true,"href":"https:\/\/gerichtsmuseum.com\/index.php?rest_route=\/wp\/v2\/users\/1"}],"replies":[{"embeddable":true,"href":"https:\/\/gerichtsmuseum.com\/index.php?rest_route=%2Fwp%2Fv2%2Fcomments&post=49"}],"version-history":[{"count":138,"href":"https:\/\/gerichtsmuseum.com\/index.php?rest_route=\/wp\/v2\/pages\/49\/revisions"}],"predecessor-version":[{"id":1555,"href":"https:\/\/gerichtsmuseum.com\/index.php?rest_route=\/wp\/v2\/pages\/49\/revisions\/1555"}],"wp:featuredmedia":[{"embeddable":true,"href":"https:\/\/gerichtsmuseum.com\/index.php?rest_route=\/wp\/v2\/media\/282"}],"wp:attachment":[{"href":"https:\/\/gerichtsmuseum.com\/index.php?rest_route=%2Fwp%2Fv2%2Fmedia&parent=49"}],"curies":[{"name":"wp","href":"https:\/\/api.w.org\/{rel}","templated":true}]}}