{"id":50,"date":"2021-12-27T16:48:58","date_gmt":"2021-12-27T16:48:58","guid":{"rendered":"https:\/\/gerichtsmuseum.com\/?page_id=50"},"modified":"2026-03-22T18:54:44","modified_gmt":"2026-03-22T18:54:44","slug":"verein","status":"publish","type":"page","link":"https:\/\/gerichtsmuseum.com\/?page_id=50","title":{"rendered":"Verein"},"content":{"rendered":"\n<p class=\"has-large-font-size\"><strong>Gerichtmuseum Bad Fredeburg e. V.<\/strong> <\/p>\n\n\n\n<p class=\"has-medium-font-size\">Der Verein verfolgt den Zweck der Erhaltung des Gerichtsmuseums in Bad Fredeburg. Zu den wichtigsten Aufgaben geh\u00f6rt die Einrichtung, Unterhaltung und das Betreiben des Gerichtsmuseums in Bad Fredeburg, Im Ohle 6.<br><\/p>\n\n\n\n<p class=\"has-black-color has-text-color has-link-color has-medium-font-size wp-elements-db1bb05d5ed1833b5d689d6ae3da8dc8\"><strong><a href=\"https:\/\/gerichtsmuseum.com\/wp-content\/uploads\/2024\/02\/Aufnahmeantrag-Gerichtsmuseum.pdf\">Hier k\u00f6nnen <\/a><a href=\"https:\/\/gerichtsmuseum.com\/wp-content\/uploads\/2024\/02\/Satzung_GM.pdf\">Sie die Satzung einsehen&#8230;<\/a><\/strong><\/p>\n\n\n\n<ul style=\"font-size:16px;font-style:normal;font-weight:400\" class=\"wp-block-list has-vivid-cyan-blue-color has-text-color has-link-color wp-elements-09a4e317c8ff6d37c06e634a3a1c5c03\">\n<li class=\"has-medium-font-size\">Der Verein wurde am 26. April 2002 gegr\u00fcndet<\/li>\n\n\n\n<li class=\"has-medium-font-size\">102&nbsp;Mitglieder im April 2025<\/li>\n\n\n\n<li class=\"has-medium-font-size\">Beitrag: 15 Euro\/Jahr<\/li>\n<\/ul>\n\n\n\n<p><\/p>\n\n\n\n<p class=\"has-black-color has-text-color has-link-color has-medium-font-size wp-elements-1c0c35fa733479ba1c62080f35ec152a\"><strong>1. Vorsitzender:<\/strong><br>Josef Raulf, Bad Fredeburg, Tel: 02974 900 222<\/p>\n\n\n\n<p class=\"has-black-color has-text-color has-link-color has-medium-font-size wp-elements-a1bf4837b8ce5b1b1615730b8d76d7a7\"><strong>2. Vorsitzender:<\/strong><br>RA Jan E. M\u00fcller, Schmallenberg<\/p>\n\n\n\n<p class=\"has-black-color has-text-color has-link-color has-medium-font-size wp-elements-daec28acfaaacc619411e3f3f0ef31ca\"><strong>Kassenf\u00fchrerin:<\/strong> <br>RAin Verena Schmidt, Bad Fredeburg<\/p>\n\n\n\n<p class=\"has-black-color has-text-color has-link-color has-medium-font-size wp-elements-2a23c9e8285af4ae1a3a5af99f97d6b0\"><br><strong>Schriftf\u00fchrerin:<\/strong><br>Dagmar Str\u00e4ter-M\u00fcller, Bad Fredeburg, Tel. 02974 7005<\/p>\n\n\n\n<p class=\"has-black-color has-text-color has-link-color has-medium-font-size wp-elements-8b85f5c616ce0da99aac6c7a3dd0e463\"><br><strong>Kasssenpr\u00fcfer\/in:<\/strong><br>Michael Voss\/Juliane G\u00f6bel<\/p>\n\n\n\n<hr class=\"wp-block-separator has-alpha-channel-opacity\"\/>\n\n\n\n<p><\/p>\n\n\n\n<p class=\"has-medium-font-size\"> <strong>Anmeldung zum Besuch des Museums:<\/strong> <\/p>\n\n\n\n<p class=\"has-black-color has-cyan-bluish-gray-background-color has-text-color has-background has-link-color wp-elements-9bed622ccbe4d2b26261a49f3388d361\" style=\"font-size:20px\">Hier k\u00f6nnen Sie sich anmelden:<a href=\"https:\/\/gerichtsmuseum.com\/?page_id=51\">&nbsp;<strong>Kontakt&#8230;<\/strong> <\/a><\/p>\n\n\n\n<hr class=\"wp-block-separator has-alpha-channel-opacity\"\/>\n\n\n\n<p class=\"has-medium-font-size\"><strong>Hinweise f\u00fcr die Mitglieder:<\/strong> <\/p>\n\n\n\n<p class=\"has-medium-font-size\">Sie sind herzlich eingeladen, das neu gestaltete Gerichtsmuseum zu besuchen. Da ist jeden Mittwoch um 15 Uhr m\u00f6glich.<\/p>\n\n\n\n<p class=\"has-medium-font-size\"><br>Die Mitgliederversammlung 2026 wird voraussichtlich noch im April 2026 stattfinden. Es erfolgt eine separate Einladung in den n\u00e4chsten Wochen.<\/p>\n\n\n\n<hr class=\"wp-block-separator has-alpha-channel-opacity\"\/>\n\n\n\n<p><\/p>\n\n\n\n<p class=\"has-medium-font-size\"><strong>Spenden:<\/strong><\/p>\n\n\n\n<p class=\"has-medium-font-size\">Spenden werden gerne angenommen. Sie erhalten dar\u00fcber eine Spendenquittung.<br>Bankverbindung: Volksbank Bigge-Lenne,  IBAN: DE85 4606 2817 0015 5627 00 BIC: GENODEM1SMA<\/p>\n\n\n\n<p><\/p>\n\n\n\n<p class=\"has-medium-font-size\"> <strong>Mitglied werden:<\/strong><\/p>\n\n\n\n<p class=\"has-medium-font-size\">Durch den verh\u00e4ltnism\u00e4\u00dfig niedrigen Jahresbeitrag von 15 Euro m\u00f6chte der Verein viele B\u00fcrgerinnen und B\u00fcrger ermutigen einzutreten.<\/p>\n\n\n\n<div class=\"wp-block-group\"><div class=\"wp-block-group__inner-container is-layout-constrained wp-block-group-is-layout-constrained\">\n<div class=\"wp-block-media-text has-black-color has-white-background-color has-text-color has-background has-link-color has-medium-font-size wp-elements-c0e8e63631d4a033421fdc038b04f3ca\" style=\"grid-template-columns:25% auto\"><figure class=\"wp-block-media-text__media\"><a href=\"https:\/\/gerichtsmuseum.com\/wp-content\/uploads\/2024\/02\/Aufnahmeantrag-Gerichtsmuseum.pdf\"><img loading=\"lazy\" decoding=\"async\" width=\"711\" height=\"1024\" src=\"https:\/\/gerichtsmuseum.com\/wp-content\/uploads\/2024\/03\/Aufnahmeantrag_GM-2-711x1024.jpg\" alt=\"\" class=\"wp-image-1113 size-large\" srcset=\"https:\/\/gerichtsmuseum.com\/wp-content\/uploads\/2024\/03\/Aufnahmeantrag_GM-2-711x1024.jpg 711w, https:\/\/gerichtsmuseum.com\/wp-content\/uploads\/2024\/03\/Aufnahmeantrag_GM-2-208x300.jpg 208w, https:\/\/gerichtsmuseum.com\/wp-content\/uploads\/2024\/03\/Aufnahmeantrag_GM-2.jpg 763w\" sizes=\"auto, (max-width: 711px) 100vw, 711px\" \/><\/a><\/figure><div class=\"wp-block-media-text__content\">\n<p><a href=\"https:\/\/gerichtsmuseum.com\/wp-content\/uploads\/2024\/02\/Aufnahmeantrag-Gerichtsmuseum.pdf\"><strong>Aufnahmeantrag&#8230;<\/strong><\/a><\/p>\n<\/div><\/div>\n<\/div><\/div>\n\n\n\n<p><\/p>\n\n\n\n<p class=\"has-medium-font-size\"><strong>Oder sprechen Sie unseren 1. Vorsitzenden an:<\/strong><br><br>Josef Raulf, Bad Fredeburg, Tel.: 02974 900 222<\/p>\n\n\n\n<p class=\"has-black-color has-text-color has-link-color has-medium-font-size wp-elements-9ea9de3557edab6b4469dff93e6affdc\"><\/p>\n\n\n\n<p class=\"has-black-color has-cyan-bluish-gray-background-color has-text-color has-background has-link-color wp-elements-df62b4d752c9a31415183562076c00ca\" style=\"font-size:18px\">E-Mail:<br><a href=\"mailto:vorsitzender@gerichtsmuseum.de\">vorsitzender@gerichtsmuseum.de<\/a><\/p>\n","protected":false},"excerpt":{"rendered":"<p>Gerichtmuseum Bad Fredeburg e. V. Der Verein verfolgt den Zweck der Erhaltung des Gerichtsmuseums in Bad Fredeburg. Zu den wichtigsten Aufgaben geh\u00f6rt die Einrichtung, Unterhaltung und das Betreiben des Gerichtsmuseums [&hellip;]<\/p>\n","protected":false},"author":1,"featured_media":0,"parent":0,"menu_order":0,"comment_status":"closed","ping_status":"closed","template":"","meta":{"footnotes":""},"class_list":["post-50","page","type-page","status-publish","czr-hentry"],"_links":{"self":[{"href":"https:\/\/gerichtsmuseum.com\/index.php?rest_route=\/wp\/v2\/pages\/50","targetHints":{"allow":["GET"]}}],"collection":[{"href":"https:\/\/gerichtsmuseum.com\/index.php?rest_route=\/wp\/v2\/pages"}],"about":[{"href":"https:\/\/gerichtsmuseum.com\/index.php?rest_route=\/wp\/v2\/types\/page"}],"author":[{"embeddable":true,"href":"https:\/\/gerichtsmuseum.com\/index.php?rest_route=\/wp\/v2\/users\/1"}],"replies":[{"embeddable":true,"href":"https:\/\/gerichtsmuseum.com\/index.php?rest_route=%2Fwp%2Fv2%2Fcomments&post=50"}],"version-history":[{"count":114,"href":"https:\/\/gerichtsmuseum.com\/index.php?rest_route=\/wp\/v2\/pages\/50\/revisions"}],"predecessor-version":[{"id":1557,"href":"https:\/\/gerichtsmuseum.com\/index.php?rest_route=\/wp\/v2\/pages\/50\/revisions\/1557"}],"wp:attachment":[{"href":"https:\/\/gerichtsmuseum.com\/index.php?rest_route=%2Fwp%2Fv2%2Fmedia&parent=50"}],"curies":[{"name":"wp","href":"https:\/\/api.w.org\/{rel}","templated":true}]}}