{"id":51,"date":"2021-12-27T16:48:58","date_gmt":"2021-12-27T16:48:58","guid":{"rendered":"https:\/\/gerichtsmuseum.com\/?page_id=51"},"modified":"2026-02-22T22:28:32","modified_gmt":"2026-02-22T22:28:32","slug":"kontakt","status":"publish","type":"page","link":"https:\/\/gerichtsmuseum.com\/?page_id=51","title":{"rendered":"Kontakt"},"content":{"rendered":"\n<p class=\"has-medium-font-size\">Das Gerichtsmuseum befindet sich in Bad Fredeburg, Im Ohle 6. F\u00fchrungen sind nur nach Anmeldung m\u00f6glich. <\/p>\n\n\n\n<p class=\"has-vivid-red-color has-text-color has-link-color wp-elements-3af7541ad3ceec3c49a1c2b24f3fc0a0\" style=\"font-size:15px\"><strong>Montags, dienstags und donnerstags ab 16 Uhr<br>Freitags 14-t\u00e4gig ab 15 Uhr <br>Wochenende je nach Absprache<\/strong><\/p>\n\n\n\n<p class=\"has-vivid-red-color has-text-color has-link-color wp-elements-c9365267f914bd71ea50e5e539e3962b\"><\/p>\n\n\n\n<p class=\"has-medium-font-size\">Durch das Museum f\u00fchren Sie:<\/p>\n\n\n\n<figure class=\"wp-block-image size-large\"><img loading=\"lazy\" decoding=\"async\" width=\"1024\" height=\"722\" src=\"https:\/\/gerichtsmuseum.com\/wp-content\/uploads\/2024\/06\/PXL_20240529_153519894.PORTRAIT5-1024x722.jpg\" alt=\"\" class=\"wp-image-1222\" srcset=\"https:\/\/gerichtsmuseum.com\/wp-content\/uploads\/2024\/06\/PXL_20240529_153519894.PORTRAIT5-1024x722.jpg 1024w, https:\/\/gerichtsmuseum.com\/wp-content\/uploads\/2024\/06\/PXL_20240529_153519894.PORTRAIT5-300x212.jpg 300w, https:\/\/gerichtsmuseum.com\/wp-content\/uploads\/2024\/06\/PXL_20240529_153519894.PORTRAIT5-768x541.jpg 768w, https:\/\/gerichtsmuseum.com\/wp-content\/uploads\/2024\/06\/PXL_20240529_153519894.PORTRAIT5-1536x1083.jpg 1536w, https:\/\/gerichtsmuseum.com\/wp-content\/uploads\/2024\/06\/PXL_20240529_153519894.PORTRAIT5-2048x1444.jpg 2048w\" sizes=\"auto, (max-width: 1024px) 100vw, 1024px\" \/><\/figure>\n\n\n\n<figure class=\"wp-block-table is-style-regular\" style=\"font-size:16px\"><table class=\"has-black-color has-text-color has-link-color\"><tbody><tr><td>Josef Raulf, <br>Tel.: 02974 900 222<\/td><td>Dagmar Str\u00e4ter-M\u00fcller, <br>Tel. 02974 7005<\/td><\/tr><\/tbody><\/table><\/figure>\n\n\n\n<p class=\"has-text-align-center has-black-color has-text-color has-background has-link-color wp-elements-c6712e6cdd509848c30ec3211c9d1951\" style=\"background:radial-gradient(rgb(238,238,238) 64%,rgb(169,184,195) 100%);font-size:16px\"><strong>E-Mail:<\/strong>&nbsp;<a href=\"mailto:verein@gerichtsmuseum.de\">verein@gerichtsmuseum.de<\/a><\/p>\n\n\n\n<hr class=\"wp-block-separator has-text-color has-cyan-bluish-gray-color has-alpha-channel-opacity has-cyan-bluish-gray-background-color has-background is-style-wide\"\/>\n\n\n\n<p><\/p>\n\n\n\n<p class=\"has-black-color has-text-color has-medium-font-size\"><strong>Bitte melden Sie sich hier im Formular an:<\/strong><\/p>\n\n\n<div class=\"wpforms-container wpforms-container-full wpforms-block wpforms-block-7de6afe8-ea70-416f-9286-3cfcf5283986\" id=\"wpforms-291\"><form id=\"wpforms-form-291\" class=\"wpforms-validate wpforms-form wpforms-ajax-form\" data-formid=\"291\" method=\"post\" enctype=\"multipart\/form-data\" action=\"\/index.php?rest_route=%2Fwp%2Fv2%2Fpages%2F51\" data-token=\"5c3726615213ad515d3ef9cb10be7b98\" data-token-time=\"1775257827\"><noscript class=\"wpforms-error-noscript\">Bitte aktiviere JavaScript in deinem Browser, um dieses Formular fertigzustellen.<\/noscript><div class=\"wpforms-field-container\"><div id=\"wpforms-291-field_0-container\" class=\"wpforms-field wpforms-field-name\" data-field-id=\"0\"><label class=\"wpforms-field-label\">Name <span class=\"wpforms-required-label\">*<\/span><\/label><div class=\"wpforms-field-row wpforms-field-medium\"><div class=\"wpforms-field-row-block wpforms-first wpforms-one-half\"><input type=\"text\" id=\"wpforms-291-field_0\" class=\"wpforms-field-name-first wpforms-field-required\" name=\"wpforms[fields][0][first]\" required><label for=\"wpforms-291-field_0\" class=\"wpforms-field-sublabel after\">Vorname<\/label><\/div><div class=\"wpforms-field-row-block wpforms-one-half\"><input type=\"text\" id=\"wpforms-291-field_0-last\" class=\"wpforms-field-name-last wpforms-field-required\" name=\"wpforms[fields][0][last]\" required><label for=\"wpforms-291-field_0-last\" class=\"wpforms-field-sublabel after\">Nachname<\/label><\/div><\/div><\/div><div id=\"wpforms-291-field_1-container\" class=\"wpforms-field wpforms-field-email\" data-field-id=\"1\"><label class=\"wpforms-field-label\" for=\"wpforms-291-field_1\">Email <span class=\"wpforms-required-label\">*<\/span><\/label><input type=\"email\" id=\"wpforms-291-field_1\" class=\"wpforms-field-medium wpforms-field-required\" name=\"wpforms[fields][1]\" spellcheck=\"false\" required><\/div><div id=\"wpforms-291-field_11-container\" class=\"wpforms-field wpforms-field-text\" data-field-id=\"11\"><label class=\"wpforms-field-label\" for=\"wpforms-291-field_11\">Telefonnummer<\/label><input type=\"text\" id=\"wpforms-291-field_11\" class=\"wpforms-field-small wpforms-limit-characters-enabled\" data-form-id=\"291\" data-field-id=\"11\" data-text-limit=\"12\" name=\"wpforms[fields][11]\" maxlength=\"12\" ><\/div><div id=\"wpforms-291-field_2-container\" class=\"wpforms-field wpforms-field-textarea\" data-field-id=\"2\"><label class=\"wpforms-field-label\" for=\"wpforms-291-field_2\">Nachricht <span class=\"wpforms-required-label\">*<\/span><\/label><textarea id=\"wpforms-291-field_2\" class=\"wpforms-field-medium wpforms-field-required wpforms-limit-characters-enabled\" data-form-id=\"291\" data-field-id=\"2\" data-text-limit=\"200\" name=\"wpforms[fields][2]\" maxlength=\"200\" required><\/textarea><\/div><div id=\"wpforms-291-field_8-container\" class=\"wpforms-field wpforms-field-gdpr-checkbox\" data-field-id=\"8\"><label class=\"wpforms-field-label\">DSGVO-Einverst\u00e4ndnis <span class=\"wpforms-required-label\">*<\/span><\/label><ul id=\"wpforms-291-field_8\" class=\"wpforms-field-required\"><li class=\"choice-1\"><input type=\"checkbox\" id=\"wpforms-291-field_8_1\" name=\"wpforms[fields][8][]\" value=\"Ich willige ein, dass diese Website meine \u00fcbermittelten Informationen speichert, sodass meine Anfrage beantwortet werden kann. Hinweis: Sie k\u00f6nnen Ihre Einwilligung jederzeit f\u00fcr die Zukunft per E-Mail an verein@gerichtsmuseum.de widerrufen.\" required ><label class=\"wpforms-field-label-inline\" for=\"wpforms-291-field_8_1\">Ich willige ein, dass diese Website meine \u00fcbermittelten Informationen speichert, sodass meine Anfrage beantwortet werden kann. Hinweis: Sie k\u00f6nnen Ihre Einwilligung jederzeit f\u00fcr die Zukunft per E-Mail an verein@gerichtsmuseum.de widerrufen.<\/label><\/li><\/ul><\/div><\/div><!-- .wpforms-field-container --><div class=\"wpforms-recaptcha-container wpforms-is-recaptcha wpforms-is-recaptcha-type-v3\" ><input type=\"hidden\" name=\"wpforms[recaptcha]\" value=\"\"><\/div><div class=\"wpforms-submit-container\" ><input type=\"hidden\" name=\"wpforms[id]\" value=\"291\"><input type=\"hidden\" name=\"page_title\" value=\"\"><input type=\"hidden\" name=\"page_url\" value=\"https:\/\/gerichtsmuseum.com\/index.php?rest_route=\/wp\/v2\/pages\/51\"><input type=\"hidden\" name=\"url_referer\" value=\"\"><button type=\"submit\" name=\"wpforms[submit]\" id=\"wpforms-submit-291\" class=\"wpforms-submit\" data-alt-text=\"Sending...\" data-submit-text=\"Absenden\" aria-live=\"assertive\" value=\"wpforms-submit\">Absenden<\/button><img loading=\"lazy\" decoding=\"async\" src=\"https:\/\/gerichtsmuseum.com\/wp-content\/plugins\/wpforms-lite\/assets\/images\/submit-spin.svg\" class=\"wpforms-submit-spinner\" style=\"display: none;\" width=\"26\" height=\"26\" alt=\"Wird geladen\"><\/div><\/form><\/div>  <!-- .wpforms-container -->\n\n\n<p class=\"has-vivid-red-color has-text-color\">* Pflichtangaben<\/p>\n","protected":false},"excerpt":{"rendered":"<p>Das Gerichtsmuseum befindet sich in Bad Fredeburg, Im Ohle 6. F\u00fchrungen sind nur nach Anmeldung m\u00f6glich. Montags, dienstags und donnerstags ab 16 UhrFreitags 14-t\u00e4gig ab 15 Uhr Wochenende je nach [&hellip;]<\/p>\n","protected":false},"author":1,"featured_media":0,"parent":0,"menu_order":0,"comment_status":"closed","ping_status":"closed","template":"custom-page.php","meta":{"footnotes":""},"class_list":["post-51","page","type-page","status-publish","czr-hentry"],"_links":{"self":[{"href":"https:\/\/gerichtsmuseum.com\/index.php?rest_route=\/wp\/v2\/pages\/51","targetHints":{"allow":["GET"]}}],"collection":[{"href":"https:\/\/gerichtsmuseum.com\/index.php?rest_route=\/wp\/v2\/pages"}],"about":[{"href":"https:\/\/gerichtsmuseum.com\/index.php?rest_route=\/wp\/v2\/types\/page"}],"author":[{"embeddable":true,"href":"https:\/\/gerichtsmuseum.com\/index.php?rest_route=\/wp\/v2\/users\/1"}],"replies":[{"embeddable":true,"href":"https:\/\/gerichtsmuseum.com\/index.php?rest_route=%2Fwp%2Fv2%2Fcomments&post=51"}],"version-history":[{"count":65,"href":"https:\/\/gerichtsmuseum.com\/index.php?rest_route=\/wp\/v2\/pages\/51\/revisions"}],"predecessor-version":[{"id":1542,"href":"https:\/\/gerichtsmuseum.com\/index.php?rest_route=\/wp\/v2\/pages\/51\/revisions\/1542"}],"wp:attachment":[{"href":"https:\/\/gerichtsmuseum.com\/index.php?rest_route=%2Fwp%2Fv2%2Fmedia&parent=51"}],"curies":[{"name":"wp","href":"https:\/\/api.w.org\/{rel}","templated":true}]}}