{"id":52,"date":"2021-12-27T16:48:58","date_gmt":"2021-12-27T16:48:58","guid":{"rendered":"https:\/\/gerichtsmuseum.com\/?page_id=52"},"modified":"2024-02-12T15:36:31","modified_gmt":"2024-02-12T15:36:31","slug":"anfahrt","status":"publish","type":"page","link":"https:\/\/gerichtsmuseum.com\/?page_id=52","title":{"rendered":"Anfahrt"},"content":{"rendered":"\n<p>Das Gerichtsmuseum befindet sich im Dachgeschoss des Amtsgerichts Bad Fredeburg, Im Ohle 6, 57392 Schmallenberg. Die Museumsr\u00e4ume sind&nbsp;leider nicht barrierefrei erreichbar, da das Amtsgerichtgeb\u00e4ude nicht \u00fcber einen Aufzug oder dgl. verf\u00fcgt.&nbsp;<\/p>\n\n\n\n<figure class=\"wp-block-image size-full is-resized is-style-default\"><img loading=\"lazy\" decoding=\"async\" src=\"https:\/\/gerichtsmuseum.com\/wp-content\/uploads\/2022\/01\/parken.jpg\" alt=\"\n\" class=\"wp-image-379\" width=\"50\" height=\"75\"\/><figcaption>Parkpl\u00e4tze gibt es sowohl vor als auch hinter dem Geb\u00e4ude. Die Einfahrt zum Parkplatz hinter dem Amtsgerichtsgeb\u00e4ude befindet sich an der rechten Seite (unterhalb).<\/figcaption><\/figure>\n\n\n\n<div class=\"wp-block-image is-style-default\"><figure class=\"aligncenter size-full\"><a href=\"https:\/\/gerichtsmuseum.com\/wp-content\/uploads\/2022\/01\/stadtplan2014.jpg\"><img loading=\"lazy\" decoding=\"async\" width=\"696\" height=\"695\" src=\"https:\/\/gerichtsmuseum.com\/wp-content\/uploads\/2022\/01\/stadtplan2014.jpg\" alt=\"\" class=\"wp-image-382\" srcset=\"https:\/\/gerichtsmuseum.com\/wp-content\/uploads\/2022\/01\/stadtplan2014.jpg 696w, https:\/\/gerichtsmuseum.com\/wp-content\/uploads\/2022\/01\/stadtplan2014-300x300.jpg 300w, https:\/\/gerichtsmuseum.com\/wp-content\/uploads\/2022\/01\/stadtplan2014-150x150.jpg 150w, https:\/\/gerichtsmuseum.com\/wp-content\/uploads\/2022\/01\/stadtplan2014-510x510.jpg 510w\" sizes=\"auto, (max-width: 696px) 100vw, 696px\" \/><\/a><\/figure><\/div>\n","protected":false},"excerpt":{"rendered":"<p>Das Gerichtsmuseum befindet sich im Dachgeschoss des Amtsgerichts Bad Fredeburg, Im Ohle 6, 57392 Schmallenberg. Die Museumsr\u00e4ume sind&nbsp;leider nicht barrierefrei erreichbar, da das Amtsgerichtgeb\u00e4ude nicht \u00fcber einen Aufzug oder dgl. [&hellip;]<\/p>\n","protected":false},"author":1,"featured_media":0,"parent":189,"menu_order":5,"comment_status":"closed","ping_status":"closed","template":"","meta":{"footnotes":""},"class_list":["post-52","page","type-page","status-publish","czr-hentry"],"_links":{"self":[{"href":"https:\/\/gerichtsmuseum.com\/index.php?rest_route=\/wp\/v2\/pages\/52","targetHints":{"allow":["GET"]}}],"collection":[{"href":"https:\/\/gerichtsmuseum.com\/index.php?rest_route=\/wp\/v2\/pages"}],"about":[{"href":"https:\/\/gerichtsmuseum.com\/index.php?rest_route=\/wp\/v2\/types\/page"}],"author":[{"embeddable":true,"href":"https:\/\/gerichtsmuseum.com\/index.php?rest_route=\/wp\/v2\/users\/1"}],"replies":[{"embeddable":true,"href":"https:\/\/gerichtsmuseum.com\/index.php?rest_route=%2Fwp%2Fv2%2Fcomments&post=52"}],"version-history":[{"count":22,"href":"https:\/\/gerichtsmuseum.com\/index.php?rest_route=\/wp\/v2\/pages\/52\/revisions"}],"predecessor-version":[{"id":411,"href":"https:\/\/gerichtsmuseum.com\/index.php?rest_route=\/wp\/v2\/pages\/52\/revisions\/411"}],"up":[{"embeddable":true,"href":"https:\/\/gerichtsmuseum.com\/index.php?rest_route=\/wp\/v2\/pages\/189"}],"wp:attachment":[{"href":"https:\/\/gerichtsmuseum.com\/index.php?rest_route=%2Fwp%2Fv2%2Fmedia&parent=52"}],"curies":[{"name":"wp","href":"https:\/\/api.w.org\/{rel}","templated":true}]}}