{"id":851,"date":"2024-01-19T17:25:39","date_gmt":"2024-01-19T17:25:39","guid":{"rendered":"https:\/\/gerichtsmuseum.com\/?page_id=851"},"modified":"2025-05-16T20:14:48","modified_gmt":"2025-05-16T20:14:48","slug":"sonderfaelle-der-justizgeschichte","status":"publish","type":"page","link":"https:\/\/gerichtsmuseum.com\/?page_id=851","title":{"rendered":"Sonderf\u00e4lle der Justizgeschichte"},"content":{"rendered":"\n<p><\/p>\n\n\n\n<p class=\"has-medium-font-size\">Sie behandeln die <strong>&#8220;Hexenverfolgungen&#8221; <\/strong>im Herzogtum Westfalen in der Fr\u00fchen Neuzeit und die <strong>Justiz im Nationalsozialismus<\/strong>.<\/p>\n\n\n\n<p class=\"has-medium-font-size\"><\/p>\n\n\n\n<p style=\"font-size:32px\">Hexenverfolgung<\/p>\n\n\n\n<p class=\"has-medium-font-size\">In der Zeit der Hexenverfolgungen fielen unz\u00e4hlige Unschuldige fanatischen Ideologien und Machtinteressen zum Opfer, so wie es die Ausstellung auch f\u00fcr unsere Region dokumentiert.<\/p>\n\n\n\n<figure class=\"wp-block-image size-full\"><a href=\"https:\/\/gerichtsmuseum.com\/wp-content\/uploads\/2024\/01\/Hexenverfolgung.jpg\"><img loading=\"lazy\" decoding=\"async\" width=\"1024\" height=\"781\" src=\"https:\/\/gerichtsmuseum.com\/wp-content\/uploads\/2024\/01\/Hexenverfolgung.jpg\" alt=\"\" class=\"wp-image-863\" srcset=\"https:\/\/gerichtsmuseum.com\/wp-content\/uploads\/2024\/01\/Hexenverfolgung.jpg 1024w, https:\/\/gerichtsmuseum.com\/wp-content\/uploads\/2024\/01\/Hexenverfolgung-300x229.jpg 300w, https:\/\/gerichtsmuseum.com\/wp-content\/uploads\/2024\/01\/Hexenverfolgung-768x586.jpg 768w\" sizes=\"auto, (max-width: 1024px) 100vw, 1024px\" \/><\/a><figcaption class=\"wp-element-caption\">Ausstellung zu Hexenverfolgungen im Herzogtum Westfalen, u.a. die Aufbauanleitung f\u00fcr einen Scheiterhaufen<\/figcaption><\/figure>\n\n\n\n<p><\/p>\n\n\n\n<p class=\"has-black-color has-luminous-vivid-amber-background-color has-text-color has-background has-link-color has-medium-font-size wp-elements-10f135d3365703421a7fe9969ebb96c6\"><a href=\"https:\/\/www1.wdr.de\/mediathek\/audio\/zeitzeichen\/audio-christine-teipel-wird-mit--jahren-als-hexe-hingerichtet-100.html\">Podcast WDR 5 <\/a><\/p>\n\n\n\n<h1 class=\"wp-block-heading has-medium-font-size\"><strong>Christine Teipel wird mit 9 Jahren als Hexe hingerichtet<\/strong><\/h1>\n\n\n\n<p>WDR Zeitzeichen&nbsp;04.05.2025&nbsp;14:42&nbsp;Min.&nbsp;<br>Verf\u00fcgbar bis 05.05.2035&nbsp;WDR 5<\/p>\n\n\n\n<p>1630 im Sauerland: Als die neunj\u00e4hrige Christine Teipel behauptet, eine Hexe zu sein und dasselbe \u00fcber andere sagt, brennen am Ende 58 Menschen auf dem Scheiterhaufen.<\/p>\n\n\n\n<p>Im Sp\u00e4tmittelalter und der fr\u00fchen Neuzeit kommt es zu regelrechten Hetzjagden auf vermeintliche Hexen. Zehntausende Menschen sterben dabei auf dem Scheiterhaufen &#8211; auch die neunj\u00e4hrige Christine Teipel.<\/p>\n\n\n\n<p class=\"has-black-color has-text-color has-link-color wp-elements-58d5f393128815f5b1882fee11e186be\"><br><strong><em>F\u00fcr dieses Zeitzeichen haben wir unter anderem gesprochen mit: Dagmar Str\u00e4ter-M\u00fcller, Gerichtsmuseum Bad Fredeburg.<\/em><\/strong><\/p>\n\n\n\n<p><strong>In diesem Zeitzeichen erz\u00e4hlt Heiner Wember:<\/strong><\/p>\n\n\n\n<ul class=\"wp-block-list\">\n<li>vom &#8220;Hexenhammer&#8221; &#8211; einem Buch, das zu Folter, Mord und Totschlag anstiftet,<\/li>\n\n\n\n<li>welche teuflischen Details Christine Teipel bei ihrem Verh\u00f6r angeblich zu Protokoll gibt,<\/li>\n\n\n\n<li>wie aus der Hexenverbrennung auf perfide Weise Profit geschlagen wird,<\/li>\n\n\n\n<li>wie die Aufkl\u00e4rung und das Wetter die Hexenjagd langsam beenden.<\/li>\n<\/ul>\n\n\n\n<p><\/p>\n\n\n\n<hr class=\"wp-block-separator has-alpha-channel-opacity is-style-wide\"\/>\n\n\n\n<p style=\"font-size:32px\">Justiz im Nationalsozialismus<\/p>\n\n\n\n<p class=\"has-medium-font-size\">Mit regionalen Exponaten zu Verordnungen im Nationalsozialismus, einem Tondokument mit Ausschnitten aus Verh\u00f6ren der Widerstandsk\u00e4mpfer des 20. Juli 1944 durch den Pr\u00e4sidenten des Volksgerichtshofs, Roland Freisler, sowie Bekanntmachungen der Milit\u00e4rregierung zum Kriegsende 1945 entsteht ein Bild der Justiz zwischen 1933 und 1945. Besonders die in den Reichsgesetzbl\u00e4ttern dokumentierten Gesetzeserlasse in den Jahren 1933 und 1934 lassen die Gleichschaltung der Justiz mit der NSDAP und den Zerfall ihrer Unabh\u00e4ngigkeit nachvollziehen und die Konsequenzen erkennen. Die Gewaltenteilung der Staatsorgane wurde aufgehoben, die Demokratie starb.<\/p>\n\n\n\n<figure class=\"wp-block-image size-full\"><a href=\"https:\/\/gerichtsmuseum.com\/wp-content\/uploads\/2024\/10\/nationalsozialismus1_2024.jpg\"><img loading=\"lazy\" decoding=\"async\" width=\"2560\" height=\"1920\" src=\"https:\/\/gerichtsmuseum.com\/wp-content\/uploads\/2024\/10\/nationalsozialismus1_2024.jpg\" alt=\"\" class=\"wp-image-1275\" srcset=\"https:\/\/gerichtsmuseum.com\/wp-content\/uploads\/2024\/10\/nationalsozialismus1_2024.jpg 2560w, https:\/\/gerichtsmuseum.com\/wp-content\/uploads\/2024\/10\/nationalsozialismus1_2024-300x225.jpg 300w, https:\/\/gerichtsmuseum.com\/wp-content\/uploads\/2024\/10\/nationalsozialismus1_2024-1024x768.jpg 1024w, https:\/\/gerichtsmuseum.com\/wp-content\/uploads\/2024\/10\/nationalsozialismus1_2024-768x576.jpg 768w, https:\/\/gerichtsmuseum.com\/wp-content\/uploads\/2024\/10\/nationalsozialismus1_2024-1536x1152.jpg 1536w, https:\/\/gerichtsmuseum.com\/wp-content\/uploads\/2024\/10\/nationalsozialismus1_2024-2048x1536.jpg 2048w\" sizes=\"auto, (max-width: 2560px) 100vw, 2560px\" \/><\/a><figcaption class=\"wp-element-caption\">Originaldokumente aus der Zeit des Nationalsozialismus<\/figcaption><\/figure>\n\n\n\n<p style=\"font-size:14px\"><\/p>\n\n\n\n<p><\/p>\n","protected":false},"excerpt":{"rendered":"<p>Sie behandeln die &#8220;Hexenverfolgungen&#8221; im Herzogtum Westfalen in der Fr\u00fchen Neuzeit und die Justiz im Nationalsozialismus. Hexenverfolgung In der Zeit der Hexenverfolgungen fielen unz\u00e4hlige Unschuldige fanatischen Ideologien und Machtinteressen zum [&hellip;]<\/p>\n","protected":false},"author":1,"featured_media":0,"parent":0,"menu_order":0,"comment_status":"closed","ping_status":"closed","template":"","meta":{"footnotes":""},"class_list":["post-851","page","type-page","status-publish","czr-hentry"],"_links":{"self":[{"href":"https:\/\/gerichtsmuseum.com\/index.php?rest_route=\/wp\/v2\/pages\/851","targetHints":{"allow":["GET"]}}],"collection":[{"href":"https:\/\/gerichtsmuseum.com\/index.php?rest_route=\/wp\/v2\/pages"}],"about":[{"href":"https:\/\/gerichtsmuseum.com\/index.php?rest_route=\/wp\/v2\/types\/page"}],"author":[{"embeddable":true,"href":"https:\/\/gerichtsmuseum.com\/index.php?rest_route=\/wp\/v2\/users\/1"}],"replies":[{"embeddable":true,"href":"https:\/\/gerichtsmuseum.com\/index.php?rest_route=%2Fwp%2Fv2%2Fcomments&post=851"}],"version-history":[{"count":25,"href":"https:\/\/gerichtsmuseum.com\/index.php?rest_route=\/wp\/v2\/pages\/851\/revisions"}],"predecessor-version":[{"id":1365,"href":"https:\/\/gerichtsmuseum.com\/index.php?rest_route=\/wp\/v2\/pages\/851\/revisions\/1365"}],"wp:attachment":[{"href":"https:\/\/gerichtsmuseum.com\/index.php?rest_route=%2Fwp%2Fv2%2Fmedia&parent=851"}],"curies":[{"name":"wp","href":"https:\/\/api.w.org\/{rel}","templated":true}]}}